{"id":476,"date":"2026-04-22T10:21:49","date_gmt":"2026-04-22T10:21:49","guid":{"rendered":"https:\/\/sleepy-shannon.217-71-207-226.plesk.page\/?product=stock"},"modified":"2026-04-22T10:21:50","modified_gmt":"2026-04-22T10:21:50","slug":"stock","status":"publish","type":"product","link":"https:\/\/sleepy-shannon.217-71-207-226.plesk.page\/?product=stock","title":{"rendered":"stock"},"content":{"rendered":"","protected":false},"excerpt":{"rendered":"","protected":false},"featured_media":475,"comment_status":"open","ping_status":"closed","template":"","meta":[],"product_brand":[],"product_cat":[28],"product_tag":[],"class_list":{"0":"post-476","1":"product","2":"type-product","3":"status-publish","4":"has-post-thumbnail","6":"product_cat-textil","8":"first","9":"instock","10":"shipping-taxable","11":"purchasable","12":"product-type-simple"},"yoast_head":"<!-- This site is optimized with the Yoast SEO plugin v27.0 - https:\/\/yoast.com\/product\/yoast-seo-wordpress\/ -->\n<title>stock - Alba Cantalapiedra<\/title>\n<meta name=\"robots\" content=\"index, follow, max-snippet:-1, max-image-preview:large, max-video-preview:-1\" \/>\n<link rel=\"canonical\" href=\"https:\/\/sleepy-shannon.217-71-207-226.plesk.page\/?product=stock\" \/>\n<meta property=\"og:locale\" content=\"es_ES\" \/>\n<meta property=\"og:type\" content=\"article\" \/>\n<meta property=\"og:title\" content=\"stock - Alba Cantalapiedra\" \/>\n<meta property=\"og:url\" content=\"https:\/\/sleepy-shannon.217-71-207-226.plesk.page\/?product=stock\" \/>\n<meta property=\"og:site_name\" content=\"Alba Cantalapiedra\" \/>\n<meta property=\"article:modified_time\" content=\"2026-04-22T10:21:50+00:00\" \/>\n<meta name=\"twitter:card\" content=\"summary_large_image\" \/>\n<script type=\"application\/ld+json\" class=\"yoast-schema-graph\">{\"@context\":\"https:\/\/schema.org\",\"@graph\":[{\"@type\":\"WebPage\",\"@id\":\"https:\/\/sleepy-shannon.217-71-207-226.plesk.page\/?product=stock\",\"url\":\"https:\/\/sleepy-shannon.217-71-207-226.plesk.page\/?product=stock\",\"name\":\"stock - Alba Cantalapiedra\",\"isPartOf\":{\"@id\":\"https:\/\/sleepy-shannon.217-71-207-226.plesk.page\/#website\"},\"primaryImageOfPage\":{\"@id\":\"https:\/\/sleepy-shannon.217-71-207-226.plesk.page\/?product=stock#primaryimage\"},\"image\":{\"@id\":\"https:\/\/sleepy-shannon.217-71-207-226.plesk.page\/?product=stock#primaryimage\"},\"thumbnailUrl\":\"https:\/\/sleepy-shannon.217-71-207-226.plesk.page\/wp-content\/uploads\/2026\/04\/stock-scaled.jpg\",\"datePublished\":\"2026-04-22T10:21:49+00:00\",\"dateModified\":\"2026-04-22T10:21:50+00:00\",\"breadcrumb\":{\"@id\":\"https:\/\/sleepy-shannon.217-71-207-226.plesk.page\/?product=stock#breadcrumb\"},\"inLanguage\":\"es\",\"potentialAction\":[{\"@type\":\"ReadAction\",\"target\":[\"https:\/\/sleepy-shannon.217-71-207-226.plesk.page\/?product=stock\"]}]},{\"@type\":\"ImageObject\",\"inLanguage\":\"es\",\"@id\":\"https:\/\/sleepy-shannon.217-71-207-226.plesk.page\/?product=stock#primaryimage\",\"url\":\"https:\/\/sleepy-shannon.217-71-207-226.plesk.page\/wp-content\/uploads\/2026\/04\/stock-scaled.jpg\",\"contentUrl\":\"https:\/\/sleepy-shannon.217-71-207-226.plesk.page\/wp-content\/uploads\/2026\/04\/stock-scaled.jpg\",\"width\":2224,\"height\":2560},{\"@type\":\"BreadcrumbList\",\"@id\":\"https:\/\/sleepy-shannon.217-71-207-226.plesk.page\/?product=stock#breadcrumb\",\"itemListElement\":[{\"@type\":\"ListItem\",\"position\":1,\"name\":\"Portada\",\"item\":\"https:\/\/sleepy-shannon.217-71-207-226.plesk.page\/\"},{\"@type\":\"ListItem\",\"position\":2,\"name\":\"Tienda\",\"item\":\"https:\/\/sleepy-shannon.217-71-207-226.plesk.page\/?page_id=7\"},{\"@type\":\"ListItem\",\"position\":3,\"name\":\"stock\"}]},{\"@type\":\"WebSite\",\"@id\":\"https:\/\/sleepy-shannon.217-71-207-226.plesk.page\/#website\",\"url\":\"https:\/\/sleepy-shannon.217-71-207-226.plesk.page\/\",\"name\":\"Alba Cantalapiedra\",\"description\":\"Tienda online de impresi\u00f3n gr\u00e1fica y bisuter\u00eda\",\"publisher\":{\"@id\":\"https:\/\/sleepy-shannon.217-71-207-226.plesk.page\/#organization\"},\"potentialAction\":[{\"@type\":\"SearchAction\",\"target\":{\"@type\":\"EntryPoint\",\"urlTemplate\":\"https:\/\/sleepy-shannon.217-71-207-226.plesk.page\/?s={search_term_string}\"},\"query-input\":{\"@type\":\"PropertyValueSpecification\",\"valueRequired\":true,\"valueName\":\"search_term_string\"}}],\"inLanguage\":\"es\"},{\"@type\":\"Organization\",\"@id\":\"https:\/\/sleepy-shannon.217-71-207-226.plesk.page\/#organization\",\"name\":\"Alba Cantalapiedra\",\"url\":\"https:\/\/sleepy-shannon.217-71-207-226.plesk.page\/\",\"logo\":{\"@type\":\"ImageObject\",\"inLanguage\":\"es\",\"@id\":\"https:\/\/sleepy-shannon.217-71-207-226.plesk.page\/#\/schema\/logo\/image\/\",\"url\":\"https:\/\/sleepy-shannon.217-71-207-226.plesk.page\/wp-content\/uploads\/2026\/02\/Alba-Cantalapiedra.png\",\"contentUrl\":\"https:\/\/sleepy-shannon.217-71-207-226.plesk.page\/wp-content\/uploads\/2026\/02\/Alba-Cantalapiedra.png\",\"width\":1182,\"height\":238,\"caption\":\"Alba Cantalapiedra\"},\"image\":{\"@id\":\"https:\/\/sleepy-shannon.217-71-207-226.plesk.page\/#\/schema\/logo\/image\/\"}}]}<\/script>\n<!-- \/ Yoast SEO plugin. -->","yoast_head_json":{"title":"stock - Alba Cantalapiedra","robots":{"index":"index","follow":"follow","max-snippet":"max-snippet:-1","max-image-preview":"max-image-preview:large","max-video-preview":"max-video-preview:-1"},"canonical":"https:\/\/sleepy-shannon.217-71-207-226.plesk.page\/?product=stock","og_locale":"es_ES","og_type":"article","og_title":"stock - Alba Cantalapiedra","og_url":"https:\/\/sleepy-shannon.217-71-207-226.plesk.page\/?product=stock","og_site_name":"Alba Cantalapiedra","article_modified_time":"2026-04-22T10:21:50+00:00","twitter_card":"summary_large_image","schema":{"@context":"https:\/\/schema.org","@graph":[{"@type":"WebPage","@id":"https:\/\/sleepy-shannon.217-71-207-226.plesk.page\/?product=stock","url":"https:\/\/sleepy-shannon.217-71-207-226.plesk.page\/?product=stock","name":"stock - Alba Cantalapiedra","isPartOf":{"@id":"https:\/\/sleepy-shannon.217-71-207-226.plesk.page\/#website"},"primaryImageOfPage":{"@id":"https:\/\/sleepy-shannon.217-71-207-226.plesk.page\/?product=stock#primaryimage"},"image":{"@id":"https:\/\/sleepy-shannon.217-71-207-226.plesk.page\/?product=stock#primaryimage"},"thumbnailUrl":"https:\/\/sleepy-shannon.217-71-207-226.plesk.page\/wp-content\/uploads\/2026\/04\/stock-scaled.jpg","datePublished":"2026-04-22T10:21:49+00:00","dateModified":"2026-04-22T10:21:50+00:00","breadcrumb":{"@id":"https:\/\/sleepy-shannon.217-71-207-226.plesk.page\/?product=stock#breadcrumb"},"inLanguage":"es","potentialAction":[{"@type":"ReadAction","target":["https:\/\/sleepy-shannon.217-71-207-226.plesk.page\/?product=stock"]}]},{"@type":"ImageObject","inLanguage":"es","@id":"https:\/\/sleepy-shannon.217-71-207-226.plesk.page\/?product=stock#primaryimage","url":"https:\/\/sleepy-shannon.217-71-207-226.plesk.page\/wp-content\/uploads\/2026\/04\/stock-scaled.jpg","contentUrl":"https:\/\/sleepy-shannon.217-71-207-226.plesk.page\/wp-content\/uploads\/2026\/04\/stock-scaled.jpg","width":2224,"height":2560},{"@type":"BreadcrumbList","@id":"https:\/\/sleepy-shannon.217-71-207-226.plesk.page\/?product=stock#breadcrumb","itemListElement":[{"@type":"ListItem","position":1,"name":"Portada","item":"https:\/\/sleepy-shannon.217-71-207-226.plesk.page\/"},{"@type":"ListItem","position":2,"name":"Tienda","item":"https:\/\/sleepy-shannon.217-71-207-226.plesk.page\/?page_id=7"},{"@type":"ListItem","position":3,"name":"stock"}]},{"@type":"WebSite","@id":"https:\/\/sleepy-shannon.217-71-207-226.plesk.page\/#website","url":"https:\/\/sleepy-shannon.217-71-207-226.plesk.page\/","name":"Alba Cantalapiedra","description":"Tienda online de impresi\u00f3n gr\u00e1fica y bisuter\u00eda","publisher":{"@id":"https:\/\/sleepy-shannon.217-71-207-226.plesk.page\/#organization"},"potentialAction":[{"@type":"SearchAction","target":{"@type":"EntryPoint","urlTemplate":"https:\/\/sleepy-shannon.217-71-207-226.plesk.page\/?s={search_term_string}"},"query-input":{"@type":"PropertyValueSpecification","valueRequired":true,"valueName":"search_term_string"}}],"inLanguage":"es"},{"@type":"Organization","@id":"https:\/\/sleepy-shannon.217-71-207-226.plesk.page\/#organization","name":"Alba Cantalapiedra","url":"https:\/\/sleepy-shannon.217-71-207-226.plesk.page\/","logo":{"@type":"ImageObject","inLanguage":"es","@id":"https:\/\/sleepy-shannon.217-71-207-226.plesk.page\/#\/schema\/logo\/image\/","url":"https:\/\/sleepy-shannon.217-71-207-226.plesk.page\/wp-content\/uploads\/2026\/02\/Alba-Cantalapiedra.png","contentUrl":"https:\/\/sleepy-shannon.217-71-207-226.plesk.page\/wp-content\/uploads\/2026\/02\/Alba-Cantalapiedra.png","width":1182,"height":238,"caption":"Alba Cantalapiedra"},"image":{"@id":"https:\/\/sleepy-shannon.217-71-207-226.plesk.page\/#\/schema\/logo\/image\/"}}]}},"_links":{"self":[{"href":"https:\/\/sleepy-shannon.217-71-207-226.plesk.page\/index.php?rest_route=\/wp\/v2\/product\/476","targetHints":{"allow":["GET"]}}],"collection":[{"href":"https:\/\/sleepy-shannon.217-71-207-226.plesk.page\/index.php?rest_route=\/wp\/v2\/product"}],"about":[{"href":"https:\/\/sleepy-shannon.217-71-207-226.plesk.page\/index.php?rest_route=\/wp\/v2\/types\/product"}],"replies":[{"embeddable":true,"href":"https:\/\/sleepy-shannon.217-71-207-226.plesk.page\/index.php?rest_route=%2Fwp%2Fv2%2Fcomments&post=476"}],"wp:featuredmedia":[{"embeddable":true,"href":"https:\/\/sleepy-shannon.217-71-207-226.plesk.page\/index.php?rest_route=\/wp\/v2\/media\/475"}],"wp:attachment":[{"href":"https:\/\/sleepy-shannon.217-71-207-226.plesk.page\/index.php?rest_route=%2Fwp%2Fv2%2Fmedia&parent=476"}],"wp:term":[{"taxonomy":"product_brand","embeddable":true,"href":"https:\/\/sleepy-shannon.217-71-207-226.plesk.page\/index.php?rest_route=%2Fwp%2Fv2%2Fproduct_brand&post=476"},{"taxonomy":"product_cat","embeddable":true,"href":"https:\/\/sleepy-shannon.217-71-207-226.plesk.page\/index.php?rest_route=%2Fwp%2Fv2%2Fproduct_cat&post=476"},{"taxonomy":"product_tag","embeddable":true,"href":"https:\/\/sleepy-shannon.217-71-207-226.plesk.page\/index.php?rest_route=%2Fwp%2Fv2%2Fproduct_tag&post=476"}],"curies":[{"name":"wp","href":"https:\/\/api.w.org\/{rel}","templated":true}]}}