{"id":474,"date":"2026-04-22T10:21:46","date_gmt":"2026-04-22T10:21:46","guid":{"rendered":"https:\/\/sleepy-shannon.217-71-207-226.plesk.page\/?product=emociodario"},"modified":"2026-04-22T10:21:46","modified_gmt":"2026-04-22T10:21:46","slug":"emociodario","status":"publish","type":"product","link":"https:\/\/sleepy-shannon.217-71-207-226.plesk.page\/?product=emociodario","title":{"rendered":"Emociodario"},"content":{"rendered":"<\/p>\n<p><span style=\"font-size:10.5pt;font-family:Poppins, sans-serif;color:#222222;background-color:transparent;font-weight:400;font-style:normal;font-variant:normal;text-decoration:none;vertical-align:baseline;white-space:pre-wrap;\">Emociodario es un fanzine dise\u00f1ado para que puedas convertir tu a\u00f1o en una forma gr\u00e1fica. Su objetivo consiste en registrar cada d\u00eda por medio del medio de la forma de expresi\u00f3n que el creador determine (emociones o estados por medio de dibujos, colores, formas, palabras u otros recursos). En su interior encontrar\u00e1s:<\/span><\/p>\n<p><span style=\"font-size:10.5pt;font-family:Poppins, sans-serif;color:#222222;background-color:transparent;font-weight:400;font-style:normal;font-variant:normal;text-decoration:none;vertical-align:baseline;white-space:pre-wrap;\">&#8211; A\u00f1o en divisiones mensuales <\/span><\/p>\n<p><span style=\"font-size:10.5pt;font-family:Poppins, sans-serif;color:#222222;background-color:transparent;font-weight:400;font-style:normal;font-variant:normal;text-decoration:none;vertical-align:baseline;white-space:pre-wrap;\">&#8211; Mosaico an\u00edmico <\/span><\/p>\n<p><span style=\"color:#222222;font-family:Poppins, sans-serif;\"><span style=\"font-size:14px;\">&#8211; La forma del a\u00f1o<\/span><\/span><\/p>\n<p><span style=\"color:#222222;font-family:Poppins, sans-serif;\"><span style=\"font-size:14px;\">&#8211; Pel\u00edculas, series y libros del a\u00f1o<\/span><\/span><\/p>\n<p><span style=\"color:#222222;font-family:Poppins, sans-serif;\"><span style=\"font-size:14px;\">&#8211; M\u00fasica del a\u00f1o<\/span><\/span><\/p>\n<p><span style=\"color:#222222;font-family:Poppins, sans-serif;\"><span style=\"font-size:14px;\">&#8211; Mapa de eventos can\u00f3nicos<\/span><\/span><\/p>\n<p><span style=\"color:#222222;font-family:Poppins, sans-serif;\"><span style=\"font-size:14px;\">&#8211; \u00c1rbol constancia<\/span><\/span><\/p>\n<p><span style=\"color:#222222;font-family:Poppins, sans-serif;\"><span style=\"font-size:14px;\">&#8211; Tareas pendientes<\/span><\/span><\/p>\n<p><span style=\"color:#222222;font-family:Poppins, sans-serif;\"><span style=\"font-size:14px;\">&#8211; Instrucciones <\/span><\/span><\/p>\n<\/p>\n<p dir=\"ltr\" style=\"line-height:1.38;background-color:#ffffff;margin-top:0pt;margin-bottom:0pt;\">\u00a0<\/p>\n<p dir=\"ltr\" style=\"line-height:1.38;background-color:#ffffff;margin-top:0pt;margin-bottom:0pt;\"><span style=\"font-size:10.5pt;font-family:Poppins, sans-serif;color:#222222;background-color:transparent;font-weight:400;font-style:normal;font-variant:normal;text-decoration:none;vertical-align:baseline;white-space:pre-wrap;\">24 p\u00e1ginas<\/span><\/p>\n<p dir=\"ltr\" style=\"line-height:1.38;background-color:#ffffff;margin-top:0pt;margin-bottom:0pt;\"><span style=\"font-size:10.5pt;font-family:Poppins, sans-serif;color:#222222;background-color:transparent;font-weight:400;font-style:normal;font-variant:normal;text-decoration:none;vertical-align:baseline;white-space:pre-wrap;\">Tama\u00f1o A5<\/span><\/p>\n<p dir=\"ltr\" style=\"line-height:1.38;background-color:#ffffff;margin-top:0pt;margin-bottom:0pt;\"><span style=\"font-size:10.5pt;font-family:Poppins, sans-serif;color:#222222;background-color:transparent;font-weight:400;font-style:normal;font-variant:normal;text-decoration:none;vertical-align:baseline;white-space:pre-wrap;\">Interior: offset 90 gr<\/span><\/p>\n<p dir=\"ltr\" style=\"line-height:1.38;background-color:#ffffff;margin-top:0pt;margin-bottom:0pt;\"><span style=\"font-size:10.5pt;font-family:Poppins, sans-serif;color:#222222;background-color:transparent;font-weight:400;font-style:normal;font-variant:normal;text-decoration:none;vertical-align:baseline;white-space:pre-wrap;\">Cubierta: estucado mate plastificada 170 gr<\/span><\/p>\n<p dir=\"ltr\" style=\"line-height:1.38;background-color:#ffffff;margin-top:0pt;margin-bottom:0pt;\">\n<\/p>\n<p dir=\"ltr\" style=\"line-height:1.38;background-color:#ffffff;margin-top:0pt;margin-bottom:0pt;\">\u00a0<\/p>\n<p dir=\"ltr\" style=\"line-height:1.38;background-color:#ffffff;margin-top:0pt;margin-bottom:0pt;\">\u00a0<\/p>\n","protected":false},"excerpt":{"rendered":"<p>Emociodario es un fanzine dise\u00f1ado para que puedas convertir tu a\u00f1o en una forma gr\u00e1fica. Su objetivo consiste en registrar cada d\u00eda por medio del medio de la forma de expresi\u00f3n que el creador determine (emociones o estados por medio de dibujos, colores, formas, palabras u otros recursos). En su interior encontrar\u00e1s: &#8211; A\u00f1o en [&hellip;]<\/p>\n","protected":false},"featured_media":473,"comment_status":"open","ping_status":"closed","template":"","meta":[],"product_brand":[],"product_cat":[42],"product_tag":[],"class_list":{"0":"post-474","1":"product","2":"type-product","3":"status-publish","4":"has-post-thumbnail","6":"product_cat-emociodario","8":"first","9":"instock","10":"shipping-taxable","11":"purchasable","12":"product-type-simple"},"yoast_head":"<!-- This site is optimized with the Yoast SEO plugin v27.0 - https:\/\/yoast.com\/product\/yoast-seo-wordpress\/ -->\n<title>Emociodario - Alba Cantalapiedra<\/title>\n<meta name=\"robots\" content=\"index, follow, max-snippet:-1, max-image-preview:large, max-video-preview:-1\" \/>\n<link rel=\"canonical\" href=\"https:\/\/sleepy-shannon.217-71-207-226.plesk.page\/?product=emociodario\" \/>\n<meta property=\"og:locale\" content=\"es_ES\" \/>\n<meta property=\"og:type\" content=\"article\" \/>\n<meta property=\"og:title\" content=\"Emociodario - Alba Cantalapiedra\" \/>\n<meta property=\"og:description\" content=\"Emociodario es un fanzine dise\u00f1ado para que puedas convertir tu a\u00f1o en una forma gr\u00e1fica. Su objetivo consiste en registrar cada d\u00eda por medio del medio de la forma de expresi\u00f3n que el creador determine (emociones o estados por medio de dibujos, colores, formas, palabras u otros recursos). En su interior encontrar\u00e1s: &#8211; A\u00f1o en [&hellip;]\" \/>\n<meta property=\"og:url\" content=\"https:\/\/sleepy-shannon.217-71-207-226.plesk.page\/?product=emociodario\" \/>\n<meta property=\"og:site_name\" content=\"Alba Cantalapiedra\" \/>\n<meta name=\"twitter:card\" content=\"summary_large_image\" \/>\n<meta name=\"twitter:label1\" content=\"Tiempo de lectura\" \/>\n\t<meta name=\"twitter:data1\" content=\"1 minuto\" \/>\n<script type=\"application\/ld+json\" class=\"yoast-schema-graph\">{\"@context\":\"https:\/\/schema.org\",\"@graph\":[{\"@type\":\"WebPage\",\"@id\":\"https:\/\/sleepy-shannon.217-71-207-226.plesk.page\/?product=emociodario\",\"url\":\"https:\/\/sleepy-shannon.217-71-207-226.plesk.page\/?product=emociodario\",\"name\":\"Emociodario - Alba Cantalapiedra\",\"isPartOf\":{\"@id\":\"https:\/\/sleepy-shannon.217-71-207-226.plesk.page\/#website\"},\"primaryImageOfPage\":{\"@id\":\"https:\/\/sleepy-shannon.217-71-207-226.plesk.page\/?product=emociodario#primaryimage\"},\"image\":{\"@id\":\"https:\/\/sleepy-shannon.217-71-207-226.plesk.page\/?product=emociodario#primaryimage\"},\"thumbnailUrl\":\"https:\/\/sleepy-shannon.217-71-207-226.plesk.page\/wp-content\/uploads\/2026\/04\/emociodario-scaled.jpg\",\"datePublished\":\"2026-04-22T10:21:46+00:00\",\"breadcrumb\":{\"@id\":\"https:\/\/sleepy-shannon.217-71-207-226.plesk.page\/?product=emociodario#breadcrumb\"},\"inLanguage\":\"es\",\"potentialAction\":[{\"@type\":\"ReadAction\",\"target\":[\"https:\/\/sleepy-shannon.217-71-207-226.plesk.page\/?product=emociodario\"]}]},{\"@type\":\"ImageObject\",\"inLanguage\":\"es\",\"@id\":\"https:\/\/sleepy-shannon.217-71-207-226.plesk.page\/?product=emociodario#primaryimage\",\"url\":\"https:\/\/sleepy-shannon.217-71-207-226.plesk.page\/wp-content\/uploads\/2026\/04\/emociodario-scaled.jpg\",\"contentUrl\":\"https:\/\/sleepy-shannon.217-71-207-226.plesk.page\/wp-content\/uploads\/2026\/04\/emociodario-scaled.jpg\",\"width\":2224,\"height\":2560},{\"@type\":\"BreadcrumbList\",\"@id\":\"https:\/\/sleepy-shannon.217-71-207-226.plesk.page\/?product=emociodario#breadcrumb\",\"itemListElement\":[{\"@type\":\"ListItem\",\"position\":1,\"name\":\"Portada\",\"item\":\"https:\/\/sleepy-shannon.217-71-207-226.plesk.page\/\"},{\"@type\":\"ListItem\",\"position\":2,\"name\":\"Tienda\",\"item\":\"https:\/\/sleepy-shannon.217-71-207-226.plesk.page\/?page_id=7\"},{\"@type\":\"ListItem\",\"position\":3,\"name\":\"Emociodario\"}]},{\"@type\":\"WebSite\",\"@id\":\"https:\/\/sleepy-shannon.217-71-207-226.plesk.page\/#website\",\"url\":\"https:\/\/sleepy-shannon.217-71-207-226.plesk.page\/\",\"name\":\"Alba Cantalapiedra\",\"description\":\"Tienda online de impresi\u00f3n gr\u00e1fica y bisuter\u00eda\",\"publisher\":{\"@id\":\"https:\/\/sleepy-shannon.217-71-207-226.plesk.page\/#organization\"},\"potentialAction\":[{\"@type\":\"SearchAction\",\"target\":{\"@type\":\"EntryPoint\",\"urlTemplate\":\"https:\/\/sleepy-shannon.217-71-207-226.plesk.page\/?s={search_term_string}\"},\"query-input\":{\"@type\":\"PropertyValueSpecification\",\"valueRequired\":true,\"valueName\":\"search_term_string\"}}],\"inLanguage\":\"es\"},{\"@type\":\"Organization\",\"@id\":\"https:\/\/sleepy-shannon.217-71-207-226.plesk.page\/#organization\",\"name\":\"Alba Cantalapiedra\",\"url\":\"https:\/\/sleepy-shannon.217-71-207-226.plesk.page\/\",\"logo\":{\"@type\":\"ImageObject\",\"inLanguage\":\"es\",\"@id\":\"https:\/\/sleepy-shannon.217-71-207-226.plesk.page\/#\/schema\/logo\/image\/\",\"url\":\"https:\/\/sleepy-shannon.217-71-207-226.plesk.page\/wp-content\/uploads\/2026\/02\/Alba-Cantalapiedra.png\",\"contentUrl\":\"https:\/\/sleepy-shannon.217-71-207-226.plesk.page\/wp-content\/uploads\/2026\/02\/Alba-Cantalapiedra.png\",\"width\":1182,\"height\":238,\"caption\":\"Alba Cantalapiedra\"},\"image\":{\"@id\":\"https:\/\/sleepy-shannon.217-71-207-226.plesk.page\/#\/schema\/logo\/image\/\"}}]}<\/script>\n<!-- \/ Yoast SEO plugin. -->","yoast_head_json":{"title":"Emociodario - Alba Cantalapiedra","robots":{"index":"index","follow":"follow","max-snippet":"max-snippet:-1","max-image-preview":"max-image-preview:large","max-video-preview":"max-video-preview:-1"},"canonical":"https:\/\/sleepy-shannon.217-71-207-226.plesk.page\/?product=emociodario","og_locale":"es_ES","og_type":"article","og_title":"Emociodario - Alba Cantalapiedra","og_description":"Emociodario es un fanzine dise\u00f1ado para que puedas convertir tu a\u00f1o en una forma gr\u00e1fica. Su objetivo consiste en registrar cada d\u00eda por medio del medio de la forma de expresi\u00f3n que el creador determine (emociones o estados por medio de dibujos, colores, formas, palabras u otros recursos). En su interior encontrar\u00e1s: &#8211; A\u00f1o en [&hellip;]","og_url":"https:\/\/sleepy-shannon.217-71-207-226.plesk.page\/?product=emociodario","og_site_name":"Alba Cantalapiedra","twitter_card":"summary_large_image","twitter_misc":{"Tiempo de lectura":"1 minuto"},"schema":{"@context":"https:\/\/schema.org","@graph":[{"@type":"WebPage","@id":"https:\/\/sleepy-shannon.217-71-207-226.plesk.page\/?product=emociodario","url":"https:\/\/sleepy-shannon.217-71-207-226.plesk.page\/?product=emociodario","name":"Emociodario - Alba Cantalapiedra","isPartOf":{"@id":"https:\/\/sleepy-shannon.217-71-207-226.plesk.page\/#website"},"primaryImageOfPage":{"@id":"https:\/\/sleepy-shannon.217-71-207-226.plesk.page\/?product=emociodario#primaryimage"},"image":{"@id":"https:\/\/sleepy-shannon.217-71-207-226.plesk.page\/?product=emociodario#primaryimage"},"thumbnailUrl":"https:\/\/sleepy-shannon.217-71-207-226.plesk.page\/wp-content\/uploads\/2026\/04\/emociodario-scaled.jpg","datePublished":"2026-04-22T10:21:46+00:00","breadcrumb":{"@id":"https:\/\/sleepy-shannon.217-71-207-226.plesk.page\/?product=emociodario#breadcrumb"},"inLanguage":"es","potentialAction":[{"@type":"ReadAction","target":["https:\/\/sleepy-shannon.217-71-207-226.plesk.page\/?product=emociodario"]}]},{"@type":"ImageObject","inLanguage":"es","@id":"https:\/\/sleepy-shannon.217-71-207-226.plesk.page\/?product=emociodario#primaryimage","url":"https:\/\/sleepy-shannon.217-71-207-226.plesk.page\/wp-content\/uploads\/2026\/04\/emociodario-scaled.jpg","contentUrl":"https:\/\/sleepy-shannon.217-71-207-226.plesk.page\/wp-content\/uploads\/2026\/04\/emociodario-scaled.jpg","width":2224,"height":2560},{"@type":"BreadcrumbList","@id":"https:\/\/sleepy-shannon.217-71-207-226.plesk.page\/?product=emociodario#breadcrumb","itemListElement":[{"@type":"ListItem","position":1,"name":"Portada","item":"https:\/\/sleepy-shannon.217-71-207-226.plesk.page\/"},{"@type":"ListItem","position":2,"name":"Tienda","item":"https:\/\/sleepy-shannon.217-71-207-226.plesk.page\/?page_id=7"},{"@type":"ListItem","position":3,"name":"Emociodario"}]},{"@type":"WebSite","@id":"https:\/\/sleepy-shannon.217-71-207-226.plesk.page\/#website","url":"https:\/\/sleepy-shannon.217-71-207-226.plesk.page\/","name":"Alba Cantalapiedra","description":"Tienda online de impresi\u00f3n gr\u00e1fica y bisuter\u00eda","publisher":{"@id":"https:\/\/sleepy-shannon.217-71-207-226.plesk.page\/#organization"},"potentialAction":[{"@type":"SearchAction","target":{"@type":"EntryPoint","urlTemplate":"https:\/\/sleepy-shannon.217-71-207-226.plesk.page\/?s={search_term_string}"},"query-input":{"@type":"PropertyValueSpecification","valueRequired":true,"valueName":"search_term_string"}}],"inLanguage":"es"},{"@type":"Organization","@id":"https:\/\/sleepy-shannon.217-71-207-226.plesk.page\/#organization","name":"Alba Cantalapiedra","url":"https:\/\/sleepy-shannon.217-71-207-226.plesk.page\/","logo":{"@type":"ImageObject","inLanguage":"es","@id":"https:\/\/sleepy-shannon.217-71-207-226.plesk.page\/#\/schema\/logo\/image\/","url":"https:\/\/sleepy-shannon.217-71-207-226.plesk.page\/wp-content\/uploads\/2026\/02\/Alba-Cantalapiedra.png","contentUrl":"https:\/\/sleepy-shannon.217-71-207-226.plesk.page\/wp-content\/uploads\/2026\/02\/Alba-Cantalapiedra.png","width":1182,"height":238,"caption":"Alba Cantalapiedra"},"image":{"@id":"https:\/\/sleepy-shannon.217-71-207-226.plesk.page\/#\/schema\/logo\/image\/"}}]}},"_links":{"self":[{"href":"https:\/\/sleepy-shannon.217-71-207-226.plesk.page\/index.php?rest_route=\/wp\/v2\/product\/474","targetHints":{"allow":["GET"]}}],"collection":[{"href":"https:\/\/sleepy-shannon.217-71-207-226.plesk.page\/index.php?rest_route=\/wp\/v2\/product"}],"about":[{"href":"https:\/\/sleepy-shannon.217-71-207-226.plesk.page\/index.php?rest_route=\/wp\/v2\/types\/product"}],"replies":[{"embeddable":true,"href":"https:\/\/sleepy-shannon.217-71-207-226.plesk.page\/index.php?rest_route=%2Fwp%2Fv2%2Fcomments&post=474"}],"wp:featuredmedia":[{"embeddable":true,"href":"https:\/\/sleepy-shannon.217-71-207-226.plesk.page\/index.php?rest_route=\/wp\/v2\/media\/473"}],"wp:attachment":[{"href":"https:\/\/sleepy-shannon.217-71-207-226.plesk.page\/index.php?rest_route=%2Fwp%2Fv2%2Fmedia&parent=474"}],"wp:term":[{"taxonomy":"product_brand","embeddable":true,"href":"https:\/\/sleepy-shannon.217-71-207-226.plesk.page\/index.php?rest_route=%2Fwp%2Fv2%2Fproduct_brand&post=474"},{"taxonomy":"product_cat","embeddable":true,"href":"https:\/\/sleepy-shannon.217-71-207-226.plesk.page\/index.php?rest_route=%2Fwp%2Fv2%2Fproduct_cat&post=474"},{"taxonomy":"product_tag","embeddable":true,"href":"https:\/\/sleepy-shannon.217-71-207-226.plesk.page\/index.php?rest_route=%2Fwp%2Fv2%2Fproduct_tag&post=474"}],"curies":[{"name":"wp","href":"https:\/\/api.w.org\/{rel}","templated":true}]}}