{"id":402,"date":"2026-04-22T09:27:29","date_gmt":"2026-04-22T09:27:29","guid":{"rendered":"https:\/\/sleepy-shannon.217-71-207-226.plesk.page\/?product=como-es-la-inestabilidad-emocional"},"modified":"2026-04-22T09:27:29","modified_gmt":"2026-04-22T09:27:29","slug":"como-es-la-inestabilidad-emocional","status":"publish","type":"product","link":"https:\/\/sleepy-shannon.217-71-207-226.plesk.page\/?product=como-es-la-inestabilidad-emocional","title":{"rendered":"\u00bfC\u00f3mo es la inestabilidad emocional?"},"content":{"rendered":"<p dir=\"ltr\" style=\"line-height:1.44;background-color:#ffffff;margin-top:0pt;margin-bottom:0pt;\"><span style=\"font-size:10.5pt;font-family:Poppins, sans-serif;color:#222222;background-color:transparent;vertical-align:baseline;white-space:pre-wrap;\">Ilustraci\u00f3n perteneciente a<\/span><a href=\"https:\/\/albacantalapiedra.com\/es\/las-preguntas-que-nos-unen\/66-las-preguntas-que-nos-unen-libro.html\"><span style=\"font-size:10.5pt;font-family:Poppins, sans-serif;color:#222222;background-color:transparent;vertical-align:baseline;white-space:pre-wrap;\"> <\/span><span style=\"font-size:10.5pt;font-family:Poppins, sans-serif;color:#1155cc;background-color:transparent;font-style:italic;vertical-align:baseline;white-space:pre-wrap;\">Las Preguntas que nos Unen<\/span><\/a><span style=\"font-size:10.5pt;font-family:Poppins, sans-serif;color:#222222;background-color:transparent;vertical-align:baseline;white-space:pre-wrap;\">.<\/span><\/p>\n<p dir=\"ltr\" style=\"line-height:1.44;background-color:#ffffff;margin-top:0pt;margin-bottom:0pt;\"><span style=\"font-size:10.5pt;font-family:Poppins, sans-serif;color:#222222;background-color:transparent;vertical-align:baseline;white-space:pre-wrap;\">\u00a0<\/span><\/p>\n<p dir=\"ltr\" style=\"line-height:1.44;background-color:#ffffff;margin-top:0pt;margin-bottom:0pt;\"><span style=\"font-size:10.5pt;font-family:Poppins, sans-serif;color:#222222;background-color:transparent;vertical-align:baseline;white-space:pre-wrap;\">Reproducci\u00f3n de dibujo original por medio de Impresi\u00f3n digital.<\/span><\/p>\n<p dir=\"ltr\" style=\"line-height:1.44;background-color:#ffffff;margin-top:0pt;margin-bottom:0pt;\"><span style=\"font-size:10.5pt;font-family:Poppins, sans-serif;color:#222222;background-color:transparent;vertical-align:baseline;white-space:pre-wrap;\">\u00a0<\/span><\/p>\n<p dir=\"ltr\" style=\"line-height:1.44;background-color:#ffffff;margin-top:0pt;margin-bottom:0pt;\"><span style=\"font-size:10.5pt;font-family:Poppins, sans-serif;color:#222222;background-color:transparent;vertical-align:baseline;white-space:pre-wrap;\">Disponible en tama\u00f1o A4 (21 x 29,7 cm), en papel fotogr\u00e1fico mate 350 gr\/m2.<\/span><\/p>\n<p dir=\"ltr\" style=\"line-height:1.44;background-color:#ffffff;margin-top:0pt;margin-bottom:0pt;\"><span style=\"font-size:10.5pt;font-family:Poppins, sans-serif;color:#222222;background-color:transparent;vertical-align:baseline;white-space:pre-wrap;\">\u00a0<\/span><\/p>\n<p dir=\"ltr\" style=\"line-height:1.44;background-color:#ffffff;margin-top:0pt;margin-bottom:0pt;\"><span style=\"font-size:10.5pt;font-family:Poppins, sans-serif;color:#222222;background-color:transparent;vertical-align:baseline;white-space:pre-wrap;\">El art\u00edculo se env\u00eda en un sobre de cart\u00f3n protegido con bolsa de papel: soy un producto libre de pl\u00e1stico y reciclable al 100%.<\/span><\/p>\n<p dir=\"ltr\" style=\"line-height:1.44;background-color:#ffffff;margin-top:0pt;margin-bottom:0pt;\"><span style=\"font-size:10.5pt;font-family:Poppins, sans-serif;color:#222222;background-color:transparent;vertical-align:baseline;white-space:pre-wrap;\">\u00a0<\/span><\/p>\n<p dir=\"ltr\" style=\"line-height:1.44;background-color:#ffffff;margin-top:0pt;margin-bottom:0pt;\"><span style=\"font-size:10.5pt;font-family:Poppins, sans-serif;color:#222222;background-color:transparent;vertical-align:baseline;white-space:pre-wrap;\">Incluye tarjeta de visita, pegatinas y flyer.<\/span><\/p>\n<p dir=\"ltr\" style=\"line-height:1.44;background-color:#ffffff;margin-top:0pt;margin-bottom:0pt;\">\u00a0<\/p>\n<p dir=\"ltr\" style=\"line-height:1.44;background-color:#ffffff;margin-top:0pt;margin-bottom:0pt;\"><span style=\"font-size:10.5pt;font-family:Poppins, sans-serif;color:#222222;background-color:transparent;vertical-align:baseline;white-space:pre-wrap;\">Firmado a mano.<\/span><\/p>\n<p dir=\"ltr\" style=\"line-height:1.44;background-color:#ffffff;margin-top:0pt;margin-bottom:0pt;\">\u00a0<\/p>\n<p dir=\"ltr\" style=\"line-height:1.2;background-color:#ffffff;margin-top:0pt;margin-bottom:0pt;\">\n<p dir=\"ltr\" style=\"line-height:1.44;background-color:#ffffff;margin-top:0pt;margin-bottom:0pt;\"><span style=\"font-size:10.5pt;font-family:Poppins, sans-serif;color:#222222;background-color:transparent;vertical-align:baseline;white-space:pre-wrap;\">(No incluye marco)<\/span><\/p>\n","protected":false},"excerpt":{"rendered":"<p>Ilustraci\u00f3n perteneciente a Las Preguntas que nos Unen. \u00a0 Reproducci\u00f3n de dibujo original por medio de Impresi\u00f3n digital. \u00a0 Disponible en tama\u00f1o A4 (21 x 29,7 cm), en papel fotogr\u00e1fico mate 350 gr\/m2. \u00a0 El art\u00edculo se env\u00eda en un sobre de cart\u00f3n protegido con bolsa de papel: soy un producto libre de pl\u00e1stico y [&hellip;]<\/p>\n","protected":false},"featured_media":401,"comment_status":"open","ping_status":"closed","template":"","meta":[],"product_brand":[],"product_cat":[30],"product_tag":[],"class_list":{"0":"post-402","1":"product","2":"type-product","3":"status-publish","4":"has-post-thumbnail","6":"product_cat-las-preguntas-que-nos-unen","8":"first","9":"instock","10":"shipping-taxable","11":"purchasable","12":"product-type-simple"},"yoast_head":"<!-- This site is optimized with the Yoast SEO plugin v27.0 - https:\/\/yoast.com\/product\/yoast-seo-wordpress\/ -->\n<title>\u00bfC\u00f3mo es la inestabilidad emocional? - Alba Cantalapiedra<\/title>\n<meta name=\"robots\" content=\"index, follow, max-snippet:-1, max-image-preview:large, max-video-preview:-1\" \/>\n<link rel=\"canonical\" href=\"https:\/\/sleepy-shannon.217-71-207-226.plesk.page\/?product=como-es-la-inestabilidad-emocional\" \/>\n<meta property=\"og:locale\" content=\"es_ES\" \/>\n<meta property=\"og:type\" content=\"article\" \/>\n<meta property=\"og:title\" content=\"\u00bfC\u00f3mo es la inestabilidad emocional? - Alba Cantalapiedra\" \/>\n<meta property=\"og:description\" content=\"Ilustraci\u00f3n perteneciente a Las Preguntas que nos Unen. \u00a0 Reproducci\u00f3n de dibujo original por medio de Impresi\u00f3n digital. \u00a0 Disponible en tama\u00f1o A4 (21 x 29,7 cm), en papel fotogr\u00e1fico mate 350 gr\/m2. \u00a0 El art\u00edculo se env\u00eda en un sobre de cart\u00f3n protegido con bolsa de papel: soy un producto libre de pl\u00e1stico y [&hellip;]\" \/>\n<meta property=\"og:url\" content=\"https:\/\/sleepy-shannon.217-71-207-226.plesk.page\/?product=como-es-la-inestabilidad-emocional\" \/>\n<meta property=\"og:site_name\" content=\"Alba Cantalapiedra\" \/>\n<meta name=\"twitter:card\" content=\"summary_large_image\" \/>\n<script type=\"application\/ld+json\" class=\"yoast-schema-graph\">{\"@context\":\"https:\/\/schema.org\",\"@graph\":[{\"@type\":\"WebPage\",\"@id\":\"https:\/\/sleepy-shannon.217-71-207-226.plesk.page\/?product=como-es-la-inestabilidad-emocional\",\"url\":\"https:\/\/sleepy-shannon.217-71-207-226.plesk.page\/?product=como-es-la-inestabilidad-emocional\",\"name\":\"\u00bfC\u00f3mo es la inestabilidad emocional? - Alba Cantalapiedra\",\"isPartOf\":{\"@id\":\"https:\/\/sleepy-shannon.217-71-207-226.plesk.page\/#website\"},\"primaryImageOfPage\":{\"@id\":\"https:\/\/sleepy-shannon.217-71-207-226.plesk.page\/?product=como-es-la-inestabilidad-emocional#primaryimage\"},\"image\":{\"@id\":\"https:\/\/sleepy-shannon.217-71-207-226.plesk.page\/?product=como-es-la-inestabilidad-emocional#primaryimage\"},\"thumbnailUrl\":\"https:\/\/sleepy-shannon.217-71-207-226.plesk.page\/wp-content\/uploads\/2026\/04\/como-es-la-inestabilidad-emocional.png\",\"datePublished\":\"2026-04-22T09:27:29+00:00\",\"breadcrumb\":{\"@id\":\"https:\/\/sleepy-shannon.217-71-207-226.plesk.page\/?product=como-es-la-inestabilidad-emocional#breadcrumb\"},\"inLanguage\":\"es\",\"potentialAction\":[{\"@type\":\"ReadAction\",\"target\":[\"https:\/\/sleepy-shannon.217-71-207-226.plesk.page\/?product=como-es-la-inestabilidad-emocional\"]}]},{\"@type\":\"ImageObject\",\"inLanguage\":\"es\",\"@id\":\"https:\/\/sleepy-shannon.217-71-207-226.plesk.page\/?product=como-es-la-inestabilidad-emocional#primaryimage\",\"url\":\"https:\/\/sleepy-shannon.217-71-207-226.plesk.page\/wp-content\/uploads\/2026\/04\/como-es-la-inestabilidad-emocional.png\",\"contentUrl\":\"https:\/\/sleepy-shannon.217-71-207-226.plesk.page\/wp-content\/uploads\/2026\/04\/como-es-la-inestabilidad-emocional.png\",\"width\":1241,\"height\":1755},{\"@type\":\"BreadcrumbList\",\"@id\":\"https:\/\/sleepy-shannon.217-71-207-226.plesk.page\/?product=como-es-la-inestabilidad-emocional#breadcrumb\",\"itemListElement\":[{\"@type\":\"ListItem\",\"position\":1,\"name\":\"Portada\",\"item\":\"https:\/\/sleepy-shannon.217-71-207-226.plesk.page\/\"},{\"@type\":\"ListItem\",\"position\":2,\"name\":\"Tienda\",\"item\":\"https:\/\/sleepy-shannon.217-71-207-226.plesk.page\/?page_id=7\"},{\"@type\":\"ListItem\",\"position\":3,\"name\":\"\u00bfC\u00f3mo es la inestabilidad emocional?\"}]},{\"@type\":\"WebSite\",\"@id\":\"https:\/\/sleepy-shannon.217-71-207-226.plesk.page\/#website\",\"url\":\"https:\/\/sleepy-shannon.217-71-207-226.plesk.page\/\",\"name\":\"Alba Cantalapiedra\",\"description\":\"Tienda online de impresi\u00f3n gr\u00e1fica y bisuter\u00eda\",\"publisher\":{\"@id\":\"https:\/\/sleepy-shannon.217-71-207-226.plesk.page\/#organization\"},\"potentialAction\":[{\"@type\":\"SearchAction\",\"target\":{\"@type\":\"EntryPoint\",\"urlTemplate\":\"https:\/\/sleepy-shannon.217-71-207-226.plesk.page\/?s={search_term_string}\"},\"query-input\":{\"@type\":\"PropertyValueSpecification\",\"valueRequired\":true,\"valueName\":\"search_term_string\"}}],\"inLanguage\":\"es\"},{\"@type\":\"Organization\",\"@id\":\"https:\/\/sleepy-shannon.217-71-207-226.plesk.page\/#organization\",\"name\":\"Alba Cantalapiedra\",\"url\":\"https:\/\/sleepy-shannon.217-71-207-226.plesk.page\/\",\"logo\":{\"@type\":\"ImageObject\",\"inLanguage\":\"es\",\"@id\":\"https:\/\/sleepy-shannon.217-71-207-226.plesk.page\/#\/schema\/logo\/image\/\",\"url\":\"https:\/\/sleepy-shannon.217-71-207-226.plesk.page\/wp-content\/uploads\/2026\/02\/Alba-Cantalapiedra.png\",\"contentUrl\":\"https:\/\/sleepy-shannon.217-71-207-226.plesk.page\/wp-content\/uploads\/2026\/02\/Alba-Cantalapiedra.png\",\"width\":1182,\"height\":238,\"caption\":\"Alba Cantalapiedra\"},\"image\":{\"@id\":\"https:\/\/sleepy-shannon.217-71-207-226.plesk.page\/#\/schema\/logo\/image\/\"}}]}<\/script>\n<!-- \/ Yoast SEO plugin. -->","yoast_head_json":{"title":"\u00bfC\u00f3mo es la inestabilidad emocional? - Alba Cantalapiedra","robots":{"index":"index","follow":"follow","max-snippet":"max-snippet:-1","max-image-preview":"max-image-preview:large","max-video-preview":"max-video-preview:-1"},"canonical":"https:\/\/sleepy-shannon.217-71-207-226.plesk.page\/?product=como-es-la-inestabilidad-emocional","og_locale":"es_ES","og_type":"article","og_title":"\u00bfC\u00f3mo es la inestabilidad emocional? - Alba Cantalapiedra","og_description":"Ilustraci\u00f3n perteneciente a Las Preguntas que nos Unen. \u00a0 Reproducci\u00f3n de dibujo original por medio de Impresi\u00f3n digital. \u00a0 Disponible en tama\u00f1o A4 (21 x 29,7 cm), en papel fotogr\u00e1fico mate 350 gr\/m2. \u00a0 El art\u00edculo se env\u00eda en un sobre de cart\u00f3n protegido con bolsa de papel: soy un producto libre de pl\u00e1stico y [&hellip;]","og_url":"https:\/\/sleepy-shannon.217-71-207-226.plesk.page\/?product=como-es-la-inestabilidad-emocional","og_site_name":"Alba Cantalapiedra","twitter_card":"summary_large_image","schema":{"@context":"https:\/\/schema.org","@graph":[{"@type":"WebPage","@id":"https:\/\/sleepy-shannon.217-71-207-226.plesk.page\/?product=como-es-la-inestabilidad-emocional","url":"https:\/\/sleepy-shannon.217-71-207-226.plesk.page\/?product=como-es-la-inestabilidad-emocional","name":"\u00bfC\u00f3mo es la inestabilidad emocional? - Alba Cantalapiedra","isPartOf":{"@id":"https:\/\/sleepy-shannon.217-71-207-226.plesk.page\/#website"},"primaryImageOfPage":{"@id":"https:\/\/sleepy-shannon.217-71-207-226.plesk.page\/?product=como-es-la-inestabilidad-emocional#primaryimage"},"image":{"@id":"https:\/\/sleepy-shannon.217-71-207-226.plesk.page\/?product=como-es-la-inestabilidad-emocional#primaryimage"},"thumbnailUrl":"https:\/\/sleepy-shannon.217-71-207-226.plesk.page\/wp-content\/uploads\/2026\/04\/como-es-la-inestabilidad-emocional.png","datePublished":"2026-04-22T09:27:29+00:00","breadcrumb":{"@id":"https:\/\/sleepy-shannon.217-71-207-226.plesk.page\/?product=como-es-la-inestabilidad-emocional#breadcrumb"},"inLanguage":"es","potentialAction":[{"@type":"ReadAction","target":["https:\/\/sleepy-shannon.217-71-207-226.plesk.page\/?product=como-es-la-inestabilidad-emocional"]}]},{"@type":"ImageObject","inLanguage":"es","@id":"https:\/\/sleepy-shannon.217-71-207-226.plesk.page\/?product=como-es-la-inestabilidad-emocional#primaryimage","url":"https:\/\/sleepy-shannon.217-71-207-226.plesk.page\/wp-content\/uploads\/2026\/04\/como-es-la-inestabilidad-emocional.png","contentUrl":"https:\/\/sleepy-shannon.217-71-207-226.plesk.page\/wp-content\/uploads\/2026\/04\/como-es-la-inestabilidad-emocional.png","width":1241,"height":1755},{"@type":"BreadcrumbList","@id":"https:\/\/sleepy-shannon.217-71-207-226.plesk.page\/?product=como-es-la-inestabilidad-emocional#breadcrumb","itemListElement":[{"@type":"ListItem","position":1,"name":"Portada","item":"https:\/\/sleepy-shannon.217-71-207-226.plesk.page\/"},{"@type":"ListItem","position":2,"name":"Tienda","item":"https:\/\/sleepy-shannon.217-71-207-226.plesk.page\/?page_id=7"},{"@type":"ListItem","position":3,"name":"\u00bfC\u00f3mo es la inestabilidad emocional?"}]},{"@type":"WebSite","@id":"https:\/\/sleepy-shannon.217-71-207-226.plesk.page\/#website","url":"https:\/\/sleepy-shannon.217-71-207-226.plesk.page\/","name":"Alba Cantalapiedra","description":"Tienda online de impresi\u00f3n gr\u00e1fica y bisuter\u00eda","publisher":{"@id":"https:\/\/sleepy-shannon.217-71-207-226.plesk.page\/#organization"},"potentialAction":[{"@type":"SearchAction","target":{"@type":"EntryPoint","urlTemplate":"https:\/\/sleepy-shannon.217-71-207-226.plesk.page\/?s={search_term_string}"},"query-input":{"@type":"PropertyValueSpecification","valueRequired":true,"valueName":"search_term_string"}}],"inLanguage":"es"},{"@type":"Organization","@id":"https:\/\/sleepy-shannon.217-71-207-226.plesk.page\/#organization","name":"Alba Cantalapiedra","url":"https:\/\/sleepy-shannon.217-71-207-226.plesk.page\/","logo":{"@type":"ImageObject","inLanguage":"es","@id":"https:\/\/sleepy-shannon.217-71-207-226.plesk.page\/#\/schema\/logo\/image\/","url":"https:\/\/sleepy-shannon.217-71-207-226.plesk.page\/wp-content\/uploads\/2026\/02\/Alba-Cantalapiedra.png","contentUrl":"https:\/\/sleepy-shannon.217-71-207-226.plesk.page\/wp-content\/uploads\/2026\/02\/Alba-Cantalapiedra.png","width":1182,"height":238,"caption":"Alba Cantalapiedra"},"image":{"@id":"https:\/\/sleepy-shannon.217-71-207-226.plesk.page\/#\/schema\/logo\/image\/"}}]}},"_links":{"self":[{"href":"https:\/\/sleepy-shannon.217-71-207-226.plesk.page\/index.php?rest_route=\/wp\/v2\/product\/402","targetHints":{"allow":["GET"]}}],"collection":[{"href":"https:\/\/sleepy-shannon.217-71-207-226.plesk.page\/index.php?rest_route=\/wp\/v2\/product"}],"about":[{"href":"https:\/\/sleepy-shannon.217-71-207-226.plesk.page\/index.php?rest_route=\/wp\/v2\/types\/product"}],"replies":[{"embeddable":true,"href":"https:\/\/sleepy-shannon.217-71-207-226.plesk.page\/index.php?rest_route=%2Fwp%2Fv2%2Fcomments&post=402"}],"wp:featuredmedia":[{"embeddable":true,"href":"https:\/\/sleepy-shannon.217-71-207-226.plesk.page\/index.php?rest_route=\/wp\/v2\/media\/401"}],"wp:attachment":[{"href":"https:\/\/sleepy-shannon.217-71-207-226.plesk.page\/index.php?rest_route=%2Fwp%2Fv2%2Fmedia&parent=402"}],"wp:term":[{"taxonomy":"product_brand","embeddable":true,"href":"https:\/\/sleepy-shannon.217-71-207-226.plesk.page\/index.php?rest_route=%2Fwp%2Fv2%2Fproduct_brand&post=402"},{"taxonomy":"product_cat","embeddable":true,"href":"https:\/\/sleepy-shannon.217-71-207-226.plesk.page\/index.php?rest_route=%2Fwp%2Fv2%2Fproduct_cat&post=402"},{"taxonomy":"product_tag","embeddable":true,"href":"https:\/\/sleepy-shannon.217-71-207-226.plesk.page\/index.php?rest_route=%2Fwp%2Fv2%2Fproduct_tag&post=402"}],"curies":[{"name":"wp","href":"https:\/\/api.w.org\/{rel}","templated":true}]}}