{"id":169,"date":"2026-02-24T14:07:51","date_gmt":"2026-02-24T14:07:51","guid":{"rendered":"https:\/\/sleepy-shannon.217-71-207-226.plesk.page\/?page_id=169"},"modified":"2026-02-24T14:12:11","modified_gmt":"2026-02-24T14:12:11","slug":"accesibilidad","status":"publish","type":"page","link":"https:\/\/sleepy-shannon.217-71-207-226.plesk.page\/?page_id=169","title":{"rendered":"Accesibilidad"},"content":{"rendered":"<style>.elementor-169 .elementor-element.elementor-element-0792c1d{--display:flex;--flex-direction:column;--container-widget-width:100%;--container-widget-height:initial;--container-widget-flex-grow:0;--container-widget-align-self:initial;--flex-wrap-mobile:wrap;}:root{--page-title-display:none;}@media(max-width:1024px){.elementor-169 .elementor-element.elementor-element-9e13f32{padding:21px 21px 21px 21px;}.elementor-169 .elementor-element.elementor-element-32e1328{padding:17px 17px 17px 17px;}}<\/style>\t\t<div data-elementor-type=\"wp-page\" data-elementor-id=\"169\" class=\"elementor elementor-169\" data-elementor-post-type=\"page\">\n\t\t\t\t<div class=\"elementor-element elementor-element-0792c1d e-flex e-con-boxed e-con e-parent\" data-id=\"0792c1d\" data-element_type=\"container\" data-e-type=\"container\">\n\t\t\t\t\t<div class=\"e-con-inner\">\n\t\t\t\t<div class=\"elementor-element elementor-element-9e13f32 elementor-widget elementor-widget-heading\" data-id=\"9e13f32\" data-element_type=\"widget\" data-e-type=\"widget\" data-widget_type=\"heading.default\">\n\t\t\t\t\t<h1 class=\"elementor-heading-title elementor-size-default\">Accesibilidad<\/h1>\t\t\t\t<\/div>\n\t\t\t\t<div class=\"elementor-element elementor-element-32e1328 elementor-widget elementor-widget-text-editor\" data-id=\"32e1328\" data-element_type=\"widget\" data-e-type=\"widget\" data-widget_type=\"text-editor.default\">\n\t\t\t\t\t\t\t\t\t<div class=\"elementor-element elementor-element-f571908 elementor-widget elementor-widget-heading\" data-id=\"f571908\" data-element_type=\"widget\" data-widget_type=\"heading.default\"><div class=\"elementor-widget-container\"><h2 class=\"elementor-heading-title elementor-size-default\">\u00a0<\/h2><\/div><\/div><div class=\"elementor-element elementor-element-a73f1d4 elementor-widget elementor-widget-text-editor\" data-id=\"a73f1d4\" data-element_type=\"widget\" data-widget_type=\"text-editor.default\"><div class=\"elementor-widget-container\"><div class=\"elementor-element elementor-element-62d31588 elementor-widget elementor-widget-text-editor\" data-id=\"62d31588\" data-element_type=\"widget\" data-widget_type=\"text-editor.default\"><div class=\"elementor-widget-container\"><p>Alba Cantalapiedra Gonz\u00e1lez se compromete en hacer accesible su sitio web de conformidad con el Real Decreto 1112\/2018, sobre accesibilidad de los sitios webs y aplicaciones para dispositivos m\u00f3viles del sector p\u00fablico.<\/p><p>La presente declaraci\u00f3n de accesibilidad se aplica al sitio web www.albacantalapiedra.com a fecha 15\/03\/2026<\/p><h3>Situaci\u00f3n de cumplimiento<\/h3><p>Este sitio web es parcialmente conforme con el RD 1112\/2018 debido a las excepciones y a la falta de conformidad de los aspectos que se indican en el siguiente punto.<\/p><h3>Contenido no accesible<\/h3><p>El contenido que se recoge a continuaci\u00f3n no es accesible por lo siguiente: Falta de conformidad con el RD 1112\/2018 Podr\u00edan existir documentos ofim\u00e1ticos en PDF y otros formatos publicados posteriormente al 20 de septiembre de 2018 que no cumplan en su totalidad los requisitos de accesibilidad. Se pueden solicitar los documentos completamente accesibles desde el formulario de contacto para formalizar quejas y consultas.<\/p><h3>Contenido adicional:<\/h3><p>En esta web se han adoptado una serie de medidas cuyo objetivo es mejorar la accesibilidad. Las ventajas que esto conlleva son, entre otras:<\/p><p>1. Facilitar el acceso de las personas independientemente de su condici\u00f3n f\u00edsica o de su entorno mediante un componente que permite ampliar y disminuir la fuente, invertir colores, controlar la separaci\u00f3n entre l\u00edneas, entre otras funciones disponibles en los navegadores.<\/p><p>2. Incluir contenidos claros y bien estructurados.<\/p><p>3. Mejorar la navegaci\u00f3n y la experiencia del usuario.<\/p><\/div><\/div><\/div><\/div>\t\t\t\t\t\t\t\t<\/div>\n\t\t\t\t\t<\/div>\n\t\t\t\t<\/div>\n\t\t\t\t<\/div>\n\t\t","protected":false},"excerpt":{"rendered":"<p>Accesibilidad \u00a0 Alba Cantalapiedra Gonz\u00e1lez se compromete en hacer accesible su sitio web de conformidad con el Real Decreto 1112\/2018, sobre accesibilidad de los sitios webs y aplicaciones para dispositivos m\u00f3viles del sector p\u00fablico. La presente declaraci\u00f3n de accesibilidad se aplica al sitio web www.albacantalapiedra.com a fecha 15\/03\/2026 Situaci\u00f3n de cumplimiento Este sitio web es [&hellip;]<\/p>\n","protected":false},"author":1,"featured_media":0,"parent":0,"menu_order":0,"comment_status":"closed","ping_status":"closed","template":"elementor_header_footer","meta":{"footnotes":""},"class_list":["post-169","page","type-page","status-publish","hentry"],"yoast_head":"<!-- This site is optimized with the Yoast SEO plugin v27.0 - https:\/\/yoast.com\/product\/yoast-seo-wordpress\/ -->\n<title>Accesibilidad - Alba Cantalapiedra<\/title>\n<meta name=\"robots\" content=\"index, follow, max-snippet:-1, max-image-preview:large, max-video-preview:-1\" \/>\n<link rel=\"canonical\" href=\"https:\/\/sleepy-shannon.217-71-207-226.plesk.page\/?page_id=169\" \/>\n<meta property=\"og:locale\" content=\"es_ES\" \/>\n<meta property=\"og:type\" content=\"article\" \/>\n<meta property=\"og:title\" content=\"Accesibilidad - Alba Cantalapiedra\" \/>\n<meta property=\"og:description\" content=\"Accesibilidad \u00a0 Alba Cantalapiedra Gonz\u00e1lez se compromete en hacer accesible su sitio web de conformidad con el Real Decreto 1112\/2018, sobre accesibilidad de los sitios webs y aplicaciones para dispositivos m\u00f3viles del sector p\u00fablico. La presente declaraci\u00f3n de accesibilidad se aplica al sitio web www.albacantalapiedra.com a fecha 15\/03\/2026 Situaci\u00f3n de cumplimiento Este sitio web es [&hellip;]\" \/>\n<meta property=\"og:url\" content=\"https:\/\/sleepy-shannon.217-71-207-226.plesk.page\/?page_id=169\" \/>\n<meta property=\"og:site_name\" content=\"Alba Cantalapiedra\" \/>\n<meta property=\"article:modified_time\" content=\"2026-02-24T14:12:11+00:00\" \/>\n<meta name=\"twitter:card\" content=\"summary_large_image\" \/>\n<meta name=\"twitter:label1\" content=\"Tiempo de lectura\" \/>\n\t<meta name=\"twitter:data1\" content=\"3 minutos\" \/>\n<script type=\"application\/ld+json\" class=\"yoast-schema-graph\">{\"@context\":\"https:\/\/schema.org\",\"@graph\":[{\"@type\":\"WebPage\",\"@id\":\"https:\/\/sleepy-shannon.217-71-207-226.plesk.page\/?page_id=169\",\"url\":\"https:\/\/sleepy-shannon.217-71-207-226.plesk.page\/?page_id=169\",\"name\":\"Accesibilidad - Alba Cantalapiedra\",\"isPartOf\":{\"@id\":\"https:\/\/sleepy-shannon.217-71-207-226.plesk.page\/#website\"},\"datePublished\":\"2026-02-24T14:07:51+00:00\",\"dateModified\":\"2026-02-24T14:12:11+00:00\",\"breadcrumb\":{\"@id\":\"https:\/\/sleepy-shannon.217-71-207-226.plesk.page\/?page_id=169#breadcrumb\"},\"inLanguage\":\"es\",\"potentialAction\":[{\"@type\":\"ReadAction\",\"target\":[\"https:\/\/sleepy-shannon.217-71-207-226.plesk.page\/?page_id=169\"]}]},{\"@type\":\"BreadcrumbList\",\"@id\":\"https:\/\/sleepy-shannon.217-71-207-226.plesk.page\/?page_id=169#breadcrumb\",\"itemListElement\":[{\"@type\":\"ListItem\",\"position\":1,\"name\":\"Portada\",\"item\":\"https:\/\/sleepy-shannon.217-71-207-226.plesk.page\/\"},{\"@type\":\"ListItem\",\"position\":2,\"name\":\"Accesibilidad\"}]},{\"@type\":\"WebSite\",\"@id\":\"https:\/\/sleepy-shannon.217-71-207-226.plesk.page\/#website\",\"url\":\"https:\/\/sleepy-shannon.217-71-207-226.plesk.page\/\",\"name\":\"Alba Cantalapiedra\",\"description\":\"Tienda online de impresi\u00f3n gr\u00e1fica y bisuter\u00eda\",\"publisher\":{\"@id\":\"https:\/\/sleepy-shannon.217-71-207-226.plesk.page\/#organization\"},\"potentialAction\":[{\"@type\":\"SearchAction\",\"target\":{\"@type\":\"EntryPoint\",\"urlTemplate\":\"https:\/\/sleepy-shannon.217-71-207-226.plesk.page\/?s={search_term_string}\"},\"query-input\":{\"@type\":\"PropertyValueSpecification\",\"valueRequired\":true,\"valueName\":\"search_term_string\"}}],\"inLanguage\":\"es\"},{\"@type\":\"Organization\",\"@id\":\"https:\/\/sleepy-shannon.217-71-207-226.plesk.page\/#organization\",\"name\":\"Alba Cantalapiedra\",\"url\":\"https:\/\/sleepy-shannon.217-71-207-226.plesk.page\/\",\"logo\":{\"@type\":\"ImageObject\",\"inLanguage\":\"es\",\"@id\":\"https:\/\/sleepy-shannon.217-71-207-226.plesk.page\/#\/schema\/logo\/image\/\",\"url\":\"https:\/\/sleepy-shannon.217-71-207-226.plesk.page\/wp-content\/uploads\/2026\/02\/Alba-Cantalapiedra.png\",\"contentUrl\":\"https:\/\/sleepy-shannon.217-71-207-226.plesk.page\/wp-content\/uploads\/2026\/02\/Alba-Cantalapiedra.png\",\"width\":1182,\"height\":238,\"caption\":\"Alba Cantalapiedra\"},\"image\":{\"@id\":\"https:\/\/sleepy-shannon.217-71-207-226.plesk.page\/#\/schema\/logo\/image\/\"}}]}<\/script>\n<!-- \/ Yoast SEO plugin. -->","yoast_head_json":{"title":"Accesibilidad - Alba Cantalapiedra","robots":{"index":"index","follow":"follow","max-snippet":"max-snippet:-1","max-image-preview":"max-image-preview:large","max-video-preview":"max-video-preview:-1"},"canonical":"https:\/\/sleepy-shannon.217-71-207-226.plesk.page\/?page_id=169","og_locale":"es_ES","og_type":"article","og_title":"Accesibilidad - Alba Cantalapiedra","og_description":"Accesibilidad \u00a0 Alba Cantalapiedra Gonz\u00e1lez se compromete en hacer accesible su sitio web de conformidad con el Real Decreto 1112\/2018, sobre accesibilidad de los sitios webs y aplicaciones para dispositivos m\u00f3viles del sector p\u00fablico. La presente declaraci\u00f3n de accesibilidad se aplica al sitio web www.albacantalapiedra.com a fecha 15\/03\/2026 Situaci\u00f3n de cumplimiento Este sitio web es [&hellip;]","og_url":"https:\/\/sleepy-shannon.217-71-207-226.plesk.page\/?page_id=169","og_site_name":"Alba Cantalapiedra","article_modified_time":"2026-02-24T14:12:11+00:00","twitter_card":"summary_large_image","twitter_misc":{"Tiempo de lectura":"3 minutos"},"schema":{"@context":"https:\/\/schema.org","@graph":[{"@type":"WebPage","@id":"https:\/\/sleepy-shannon.217-71-207-226.plesk.page\/?page_id=169","url":"https:\/\/sleepy-shannon.217-71-207-226.plesk.page\/?page_id=169","name":"Accesibilidad - Alba Cantalapiedra","isPartOf":{"@id":"https:\/\/sleepy-shannon.217-71-207-226.plesk.page\/#website"},"datePublished":"2026-02-24T14:07:51+00:00","dateModified":"2026-02-24T14:12:11+00:00","breadcrumb":{"@id":"https:\/\/sleepy-shannon.217-71-207-226.plesk.page\/?page_id=169#breadcrumb"},"inLanguage":"es","potentialAction":[{"@type":"ReadAction","target":["https:\/\/sleepy-shannon.217-71-207-226.plesk.page\/?page_id=169"]}]},{"@type":"BreadcrumbList","@id":"https:\/\/sleepy-shannon.217-71-207-226.plesk.page\/?page_id=169#breadcrumb","itemListElement":[{"@type":"ListItem","position":1,"name":"Portada","item":"https:\/\/sleepy-shannon.217-71-207-226.plesk.page\/"},{"@type":"ListItem","position":2,"name":"Accesibilidad"}]},{"@type":"WebSite","@id":"https:\/\/sleepy-shannon.217-71-207-226.plesk.page\/#website","url":"https:\/\/sleepy-shannon.217-71-207-226.plesk.page\/","name":"Alba Cantalapiedra","description":"Tienda online de impresi\u00f3n gr\u00e1fica y bisuter\u00eda","publisher":{"@id":"https:\/\/sleepy-shannon.217-71-207-226.plesk.page\/#organization"},"potentialAction":[{"@type":"SearchAction","target":{"@type":"EntryPoint","urlTemplate":"https:\/\/sleepy-shannon.217-71-207-226.plesk.page\/?s={search_term_string}"},"query-input":{"@type":"PropertyValueSpecification","valueRequired":true,"valueName":"search_term_string"}}],"inLanguage":"es"},{"@type":"Organization","@id":"https:\/\/sleepy-shannon.217-71-207-226.plesk.page\/#organization","name":"Alba Cantalapiedra","url":"https:\/\/sleepy-shannon.217-71-207-226.plesk.page\/","logo":{"@type":"ImageObject","inLanguage":"es","@id":"https:\/\/sleepy-shannon.217-71-207-226.plesk.page\/#\/schema\/logo\/image\/","url":"https:\/\/sleepy-shannon.217-71-207-226.plesk.page\/wp-content\/uploads\/2026\/02\/Alba-Cantalapiedra.png","contentUrl":"https:\/\/sleepy-shannon.217-71-207-226.plesk.page\/wp-content\/uploads\/2026\/02\/Alba-Cantalapiedra.png","width":1182,"height":238,"caption":"Alba Cantalapiedra"},"image":{"@id":"https:\/\/sleepy-shannon.217-71-207-226.plesk.page\/#\/schema\/logo\/image\/"}}]}},"_links":{"self":[{"href":"https:\/\/sleepy-shannon.217-71-207-226.plesk.page\/index.php?rest_route=\/wp\/v2\/pages\/169","targetHints":{"allow":["GET"]}}],"collection":[{"href":"https:\/\/sleepy-shannon.217-71-207-226.plesk.page\/index.php?rest_route=\/wp\/v2\/pages"}],"about":[{"href":"https:\/\/sleepy-shannon.217-71-207-226.plesk.page\/index.php?rest_route=\/wp\/v2\/types\/page"}],"author":[{"embeddable":true,"href":"https:\/\/sleepy-shannon.217-71-207-226.plesk.page\/index.php?rest_route=\/wp\/v2\/users\/1"}],"replies":[{"embeddable":true,"href":"https:\/\/sleepy-shannon.217-71-207-226.plesk.page\/index.php?rest_route=%2Fwp%2Fv2%2Fcomments&post=169"}],"version-history":[{"count":7,"href":"https:\/\/sleepy-shannon.217-71-207-226.plesk.page\/index.php?rest_route=\/wp\/v2\/pages\/169\/revisions"}],"predecessor-version":[{"id":182,"href":"https:\/\/sleepy-shannon.217-71-207-226.plesk.page\/index.php?rest_route=\/wp\/v2\/pages\/169\/revisions\/182"}],"wp:attachment":[{"href":"https:\/\/sleepy-shannon.217-71-207-226.plesk.page\/index.php?rest_route=%2Fwp%2Fv2%2Fmedia&parent=169"}],"curies":[{"name":"wp","href":"https:\/\/api.w.org\/{rel}","templated":true}]}}